{"id":1283,"date":"2016-04-26T08:58:38","date_gmt":"2016-04-26T07:58:38","guid":{"rendered":"http:\/\/the7.dream-demo.com\/demo\/medical\/?page_id=2"},"modified":"2024-06-19T14:01:13","modified_gmt":"2024-06-19T14:01:13","slug":"home","status":"publish","type":"page","link":"https:\/\/www.neonatus.pl\/","title":{"rendered":"Fundacja"},"content":{"rendered":"<p>[vc_row][vc_column width=&#8221;2\/3&#8243;][vc_column_text]<\/p>\n<h4 style=\"text-align: center;\">Celem Fundacji jest inspirowanie, organizowanie, finansowanie i wspomaganie dzia\u0142a\u0144 na rzecz poprawy pogarszaj\u0105cych si\u0119, zar\u00f3wno z przyczyn ekologicznych jak i finansowych, warunk\u00f3w opieki medycznej nad noworodkiem, w pierwszej kolejno\u015bci na terenie Krakowa i regionu.<\/h4>\n<p>Cele Fundacji realizowane s\u0105 przez:[\/vc_column_text]<div class=\"standard-arrow list-divider bullet-top\"><ul>\n<li>podnoszenie poziomu wiedzy medycznej w zakresie neonatologii przez organizowanie szkole\u0144, \u00a0kurs\u00f3w i seminari\u00f3w,<\/li>\n<li>pozyskiwanie sprz\u0119tu, aparatury medycznej oraz materia\u0142\u00f3w niezb\u0119dnych s\u0142u\u017c\u0105cych celom\u00a0diagnostycznym, terapeutycznym i naukowym w Oddzia\u0142ach Noworodkowych,<\/li>\n<li>wspieranie bada\u0144 naukowych z zakresu neonatologii i nauk pokrewnych, maj\u0105cych na celu promocj\u0119\u00a0dzia\u0142a\u0144 na rzecz ochrony zdrowia wcze\u015bniak\u00f3w i noworodk\u00f3w,<\/li>\n<li>nawi\u0105zywanie i utrzymywanie stosunk\u00f3w z zagranicznymi organizacjami w celu zdobywania wiadomo\u015bci i wymiany do\u015bwiadcze\u0144 z zakresu neonatologii,<\/li>\n<li>popieranie i finansowanie uczestnictwa w krajowych i zagranicznych szkoleniach lekarzy i student\u00f3w w celu poszerzenia wiedzy i do\u015bwiadczenia w\/w os\u00f3b i podnoszenia poziomu opieki medycznej nad noworodkami i wcze\u015bniakami.<\/li>\n<\/ul>\n<\/div>[vc_facebook type=&#8221;box_count&#8221; el_id=&#8221;https:\/\/www.facebook.com\/KFDNneonatus&#8221;][\/vc_column][vc_column width=&#8221;1\/3&#8243;][vc_single_image image=&#8221;3105&#8243; img_size=&#8221;full&#8221; alignment=&#8221;center&#8221; onclick=&#8221;custom_link&#8221; link=&#8221;https:\/\/www.siepomaga.pl\/ratujemy-malopolskie-wczesniaki&#8221;]<div class=\"dt-fancy-separator\" style=\"width: 100%;\"><div class=\"dt-fancy-title\"><span class=\"separator-holder separator-left\"><\/span>Poznaj Nas<span class=\"separator-holder separator-right\"><\/span><\/div><\/div>[vc_video link=&#8221;https:\/\/www.youtube.com\/watch?v=di3po0wucDU&#8221; align=&#8221;center&#8221;][\/vc_column][\/vc_row]<\/p>\n","protected":false},"excerpt":{"rendered":"<p>[vc_row][vc_column width=&#8221;2\/3&#8243;][vc_column_text] Celem Fundacji jest inspirowanie, organizowanie, finansowanie i wspomaganie dzia\u0142a\u0144 na rzecz poprawy pogarszaj\u0105cych si\u0119, zar\u00f3wno z przyczyn ekologicznych jak i finansowych, warunk\u00f3w opieki medycznej nad noworodkiem, w pierwszej kolejno\u015bci na terenie Krakowa i regionu. Cele Fundacji realizowane s\u0105 przez:[\/vc_column_text][vc_facebook type=&#8221;box_count&#8221; el_id=&#8221;https:\/\/www.facebook.com\/KFDNneonatus&#8221;][\/vc_column][vc_column width=&#8221;1\/3&#8243;][vc_single_image image=&#8221;3105&#8243; img_size=&#8221;full&#8221; alignment=&#8221;center&#8221; onclick=&#8221;custom_link&#8221; link=&#8221;https:\/\/www.siepomaga.pl\/ratujemy-malopolskie-wczesniaki&#8221;][vc_video link=&#8221;https:\/\/www.youtube.com\/watch?v=di3po0wucDU&#8221; align=&#8221;center&#8221;][\/vc_column][\/vc_row]<\/p>\n","protected":false},"author":1,"featured_media":0,"parent":0,"menu_order":0,"comment_status":"closed","ping_status":"closed","template":"","meta":{"footnotes":""},"_links":{"self":[{"href":"https:\/\/www.neonatus.pl\/index.php?rest_route=\/wp\/v2\/pages\/1283"}],"collection":[{"href":"https:\/\/www.neonatus.pl\/index.php?rest_route=\/wp\/v2\/pages"}],"about":[{"href":"https:\/\/www.neonatus.pl\/index.php?rest_route=\/wp\/v2\/types\/page"}],"author":[{"embeddable":true,"href":"https:\/\/www.neonatus.pl\/index.php?rest_route=\/wp\/v2\/users\/1"}],"replies":[{"embeddable":true,"href":"https:\/\/www.neonatus.pl\/index.php?rest_route=%2Fwp%2Fv2%2Fcomments&post=1283"}],"version-history":[{"count":19,"href":"https:\/\/www.neonatus.pl\/index.php?rest_route=\/wp\/v2\/pages\/1283\/revisions"}],"predecessor-version":[{"id":3107,"href":"https:\/\/www.neonatus.pl\/index.php?rest_route=\/wp\/v2\/pages\/1283\/revisions\/3107"}],"wp:attachment":[{"href":"https:\/\/www.neonatus.pl\/index.php?rest_route=%2Fwp%2Fv2%2Fmedia&parent=1283"}],"curies":[{"name":"wp","href":"https:\/\/api.w.org\/{rel}","templated":true}]}}